{"id":337968,"date":"2022-05-23T17:29:54","date_gmt":"2022-05-23T17:29:54","guid":{"rendered":"https:\/\/saggita.com.mx\/?page_id=337968"},"modified":"2024-08-07T23:27:58","modified_gmt":"2024-08-07T23:27:58","slug":"aviso-de-privacidad","status":"publish","type":"page","link":"https:\/\/saggita.com.mx\/index.php\/aviso-de-privacidad\/","title":{"rendered":"Privacidad"},"content":{"rendered":"<p>[et_pb_section fb_built=&#8221;1&#8243; admin_label=&#8221;Section&#8221; module_id=&#8221;aviso&#8221; module_class=&#8221;home-section&#8221; _builder_version=&#8221;4.27.0&#8243; _module_preset=&#8221;default&#8221; da_popup_slug=&#8221;aviso&#8221; da_disable_devices=&#8221;off|off|off&#8221; global_colors_info=&#8221;{}&#8221; da_is_popup=&#8221;off&#8221; da_exit_intent=&#8221;off&#8221; da_has_close=&#8221;on&#8221; da_alt_close=&#8221;off&#8221; da_dark_close=&#8221;off&#8221; da_not_modal=&#8221;on&#8221; da_is_singular=&#8221;off&#8221; da_with_loader=&#8221;off&#8221; da_has_shadow=&#8221;on&#8221;][et_pb_row _builder_version=&#8221;4.27.0&#8243; locked=&#8221;off&#8221; global_colors_info=&#8221;{}&#8221;][et_pb_column type=&#8221;4_4&#8243; _builder_version=&#8221;4.16&#8243; global_colors_info=&#8221;{}&#8221;][et_pb_text _builder_version=&#8221;4.27.0&#8243; text_font=&#8221;Montserrat|300|||||||&#8221; text_text_color=&#8221;#E02B20&#8243; header_font=&#8221;Montserrat|700|||||||&#8221; header_text_align=&#8221;center&#8221; header_text_color=&#8221;#000000&#8243; header_font_size=&#8221;36px&#8221; header_line_height=&#8221;1.1em&#8221; locked=&#8221;off&#8221; global_colors_info=&#8221;{}&#8221;]<\/p>\n<h1>Aviso de privacidad<\/h1>\n<p>[\/et_pb_text][et_pb_blurb content_max_width=&#8221;100%&#8221; module_id=&#8221;mostrar-info-1&#8243; _builder_version=&#8221;4.27.0&#8243; header_font=&#8221;Montserrat|700|||||||&#8221; header_text_color=&#8221;#004275&#8243; header_font_size=&#8221;18px&#8221; body_font=&#8221;Montserrat||||||||&#8221; body_text_align=&#8221;justify&#8221; body_text_color=&#8221;#000000&#8243; body_font_size=&#8221;16px&#8221; body_line_height=&#8221;1.9em&#8221; custom_margin=&#8221;5px||0px||false|false&#8221; animation_style=&#8221;fade&#8221; animation=&#8221;off&#8221; header_font_size_tablet=&#8221;20px&#8221; header_font_size_phone=&#8221;18px&#8221; header_font_size_last_edited=&#8221;on|desktop&#8221; custom_css_blurb_title=&#8221;margin-bottom: 8px;&#8221; border_radii_image=&#8221;on|4px|4px|4px|4px&#8221; locked=&#8221;off&#8221; global_colors_info=&#8221;{}&#8221;]<\/p>\n<p><span>La protecci\u00f3n de sus datos personales es muy importante para \u201cDESARROLLOS RESIDENCIALES TUR\u00cdSTICOS S.A. DE C.V.\u201d, (en lo sucesivo referido como GRUPO DRT), en virtud de ello, le informamos el tipo de datos personales que recabamos de Usted, c\u00f3mo los usamos, manejamos y con qui\u00e9n los compartimos, mediante el siguiente\u00a0<\/span><strong>AVISO DE PRIVACIDAD<\/strong><span>, el cual es elaborado con apego y en cumplimiento a la\u00a0<\/span><strong>LEY FEDERAL DE PROTECCI\u00d3N DE DATOS PERSONALES EN POSESI\u00d3N DE PARTICULARES.<\/strong><\/p>\n<p><strong><\/strong><\/p>\n<p>[\/et_pb_blurb][et_pb_blurb title=&#8221;\u00bfQu\u00e9 datos personales recabamos de usted?&#8221; content_max_width=&#8221;100%&#8221; module_id=&#8221;mostrar-info-1&#8243; _builder_version=&#8221;4.27.0&#8243; header_font=&#8221;Montserrat|700|||||||&#8221; header_text_color=&#8221;#000000&#8243; header_font_size=&#8221;18px&#8221; body_font=&#8221;Montserrat||||||||&#8221; body_text_align=&#8221;justify&#8221; body_text_color=&#8221;#000000&#8243; body_font_size=&#8221;16px&#8221; body_line_height=&#8221;1.9em&#8221; custom_margin=&#8221;5px||0px||false|false&#8221; animation_style=&#8221;fade&#8221; animation=&#8221;off&#8221; header_font_size_tablet=&#8221;20px&#8221; header_font_size_phone=&#8221;18px&#8221; header_font_size_last_edited=&#8221;on|desktop&#8221; custom_css_blurb_title=&#8221;margin-bottom: 8px;&#8221; border_radii_image=&#8221;on|4px|4px|4px|4px&#8221; locked=&#8221;off&#8221; global_colors_info=&#8221;{}&#8221;]<\/p>\n<p><span>Como cliente de alguno de nuestros servicios o productos le podemos solicitar informaci\u00f3n personal, que tendr\u00e1 una variante seg\u00fan el caso aplicable, misma que ser\u00e1 relativa a: Su nombre, direcci\u00f3n, su correo electr\u00f3nico y n\u00famero telef\u00f3nico. Sus datos \ufb01scales para generar las facturas correspondientes al cobro de los servicios otorgados. Informaci\u00f3n sobre su empresa para poder cotizarle y asesorarle adecuadamente.<\/span><\/p>\n<p><span><\/span><\/p>\n<p>[\/et_pb_blurb][et_pb_blurb title=&#8221;\u00bfPara qu\u00e9 usamos sus datos personales?&#8221; content_max_width=&#8221;100%&#8221; module_id=&#8221;mostrar-info-1&#8243; _builder_version=&#8221;4.27.0&#8243; header_font=&#8221;Montserrat|700|||||||&#8221; header_text_color=&#8221;#0a0a0a&#8221; header_font_size=&#8221;18px&#8221; body_font=&#8221;Montserrat||||||||&#8221; body_text_align=&#8221;justify&#8221; body_text_color=&#8221;#000000&#8243; body_font_size=&#8221;16px&#8221; body_line_height=&#8221;1.9em&#8221; custom_margin=&#8221;5px||0px||false|false&#8221; animation_style=&#8221;fade&#8221; animation=&#8221;off&#8221; header_font_size_tablet=&#8221;20px&#8221; header_font_size_phone=&#8221;18px&#8221; header_font_size_last_edited=&#8221;on|desktop&#8221; custom_css_blurb_title=&#8221;margin-bottom: 8px;&#8221; border_radii_image=&#8221;on|4px|4px|4px|4px&#8221; locked=&#8221;off&#8221; global_colors_info=&#8221;{}&#8221;]<\/p>\n<p><span>GRUPO DRT recaba y usa datos personales para el cumplimiento de los siguientes objetivos y obligaciones legales:<\/span><br \/><span><strong>1.-<\/strong> Proveerle los servicios y productos que ha solicitado<\/span><br \/><span><strong>2.<\/strong>&#8211; Establecer un canal de comunicaci\u00f3n efectiva para atender oportunamente sus necesidades.<\/span><br \/><span><strong>3.-<\/strong> Realizar la facturaci\u00f3n correspondiente<\/span><br \/><span><strong>4.-<\/strong> Informarle sobre cambios en los productos o servicios ofertados<\/span><br \/><span><strong>5.-<\/strong> Dar cumplimiento a las obligaciones p\u00fablicas y privadas contra\u00eddas con nuestros clientes<\/span><br \/><span><strong>6.-<\/strong> Evaluar el servicio prestado.<\/span><\/p>\n<p><span><\/span><\/p>\n<p>[\/et_pb_blurb][et_pb_blurb title=&#8221;\u00bfCon qui\u00e9n compartimos su informaci\u00f3n y para qu\u00e9 \ufb01nes?&#8221; content_max_width=&#8221;100%&#8221; module_id=&#8221;mostrar-info-1&#8243; _builder_version=&#8221;4.27.0&#8243; header_font=&#8221;Montserrat|700|||||||&#8221; header_text_color=&#8221;#0a0505&#8243; header_font_size=&#8221;18px&#8221; body_font=&#8221;Montserrat||||||||&#8221; body_text_align=&#8221;justify&#8221; body_text_color=&#8221;#000000&#8243; body_font_size=&#8221;16px&#8221; body_line_height=&#8221;1.9em&#8221; custom_margin=&#8221;5px||0px||false|false&#8221; animation_style=&#8221;fade&#8221; animation=&#8221;off&#8221; header_font_size_tablet=&#8221;20px&#8221; header_font_size_phone=&#8221;18px&#8221; header_font_size_last_edited=&#8221;on|desktop&#8221; custom_css_blurb_title=&#8221;margin-bottom: 8px;&#8221; border_radii_image=&#8221;on|4px|4px|4px|4px&#8221; locked=&#8221;off&#8221; global_colors_info=&#8221;{}&#8221;]<\/p>\n<p><span>Sus datos personales son tratados por personal perteneciente a GRUPO DRT, con la finalidad de brindarle el servicio que Usted solicite; sus datos personales no son transferidos a ninguna otra empresa o tercero que resulte ajena a ella, salvo mandato judicial y\/o cumplimiento de las obligaciones legales aplicables ante las autoridades competentes.<\/span><\/p>\n<p><span><\/span><\/p>\n<p>[\/et_pb_blurb][et_pb_blurb title=&#8221;\u00bfC\u00f3mo puede limitar el uso o divulgaci\u00f3n de su informaci\u00f3n personal?&#8221; content_max_width=&#8221;100%&#8221; module_id=&#8221;mostrar-info-1&#8243; _builder_version=&#8221;4.27.0&#8243; header_font=&#8221;Montserrat|700|||||||&#8221; header_text_color=&#8221;#000000&#8243; header_font_size=&#8221;18px&#8221; body_font=&#8221;Montserrat||||||||&#8221; body_text_align=&#8221;justify&#8221; body_text_color=&#8221;#000000&#8243; body_font_size=&#8221;16px&#8221; body_line_height=&#8221;1.9em&#8221; custom_margin=&#8221;5px||0px||false|false&#8221; animation_style=&#8221;fade&#8221; animation=&#8221;off&#8221; header_font_size_tablet=&#8221;20px&#8221; header_font_size_phone=&#8221;18px&#8221; header_font_size_last_edited=&#8221;on|desktop&#8221; custom_css_blurb_title=&#8221;margin-bottom: 8px;&#8221; border_radii_image=&#8221;on|4px|4px|4px|4px&#8221; locked=&#8221;off&#8221; global_colors_info=&#8221;{}&#8221;]<\/p>\n<p><span>Usted puede limitar el uso y divulgaci\u00f3n de su informaci\u00f3n a trav\u00e9s de los siguientes medios que hemos instrumentado: Presentando su solicitud personalmente en nuestro domicilio dirigida a la persona encargada de la privacidad en esta oficina, o enviando un correo electr\u00f3nico a la siguiente direcci\u00f3n electr\u00f3nica: clientes@drt.com.mx o llamando al n\u00famero telef\u00f3nico\u00a0<\/span><strong>(442) 211 32 00.<\/strong><\/p>\n<p><span><\/span><\/p>\n<p>[\/et_pb_blurb][et_pb_blurb title=&#8221;\u00bfC\u00f3mo conocer los cambios al presente aviso de privacidad?&#8221; content_max_width=&#8221;100%&#8221; module_id=&#8221;mostrar-info-1&#8243; _builder_version=&#8221;4.27.0&#8243; header_font=&#8221;Montserrat|700|||||||&#8221; header_text_color=&#8221;#000000&#8243; header_font_size=&#8221;18px&#8221; body_font=&#8221;Montserrat||||||||&#8221; body_text_align=&#8221;justify&#8221; body_text_color=&#8221;#000000&#8243; body_font_size=&#8221;16px&#8221; body_line_height=&#8221;1.9em&#8221; custom_margin=&#8221;5px||0px||false|false&#8221; animation_style=&#8221;fade&#8221; animation=&#8221;off&#8221; header_font_size_tablet=&#8221;20px&#8221; header_font_size_phone=&#8221;18px&#8221; header_font_size_last_edited=&#8221;on|desktop&#8221; custom_css_blurb_title=&#8221;margin-bottom: 8px;&#8221; border_radii_image=&#8221;on|4px|4px|4px|4px&#8221; locked=&#8221;off&#8221; global_colors_info=&#8221;{}&#8221;]<\/p>\n<p>El presente aviso de privacidad podr\u00e1 ser modificado, cambiado o actualizado por lo cual, asumiendo nuestro compromiso a mantenerlo informado de tal situaci\u00f3n, puede hacerlo a trav\u00e9s nuestra p\u00e1gina de internet <a href=\"http:\/\/www.drt.com.mx\">www.drt.com.mx<\/a><\/p>\n<p><span><\/span><\/p>\n<p>[\/et_pb_blurb][et_pb_blurb title=&#8221;\u00bfC\u00f3mo contactarnos?&#8221; content_max_width=&#8221;100%&#8221; module_id=&#8221;mostrar-info-1&#8243; _builder_version=&#8221;4.27.0&#8243; header_font=&#8221;Montserrat|700|||||||&#8221; header_text_color=&#8221;#000000&#8243; header_font_size=&#8221;18px&#8221; body_font=&#8221;Montserrat||||||||&#8221; body_text_align=&#8221;justify&#8221; body_text_color=&#8221;#000000&#8243; body_font_size=&#8221;16px&#8221; body_line_height=&#8221;1.9em&#8221; custom_margin=&#8221;5px||0px||false|false&#8221; animation_style=&#8221;fade&#8221; animation=&#8221;off&#8221; header_font_size_tablet=&#8221;20px&#8221; header_font_size_phone=&#8221;18px&#8221; header_font_size_last_edited=&#8221;on|desktop&#8221; custom_css_blurb_title=&#8221;margin-bottom: 8px;&#8221; border_radii_image=&#8221;on|4px|4px|4px|4px&#8221; locked=&#8221;off&#8221; global_colors_info=&#8221;{}&#8221;]<\/p>\n<p>Si usted tiene alguna duda o comentario respecto al presente aviso de privacidad, puede hacerlo por escrito v\u00eda correo electr\u00f3nico en clientes@drt.com.mx o mediante escrito libre en el domicilio ubicado en Paseo Jurica No. 105 Int. 49 Jurica, Quer\u00e9taro, Quer\u00e9taro, C.P. 76100, o llamando al n\u00famero (442) 211 32 00, as\u00ed mismo, ponemos a su entera disposici\u00f3n copias del presente aviso de privacidad en nuestro domicilio y en nuestra p\u00e1gina de internet <a href=\"http:\/\/www.drt.com.mx\">www.drt.com.mx<\/a><\/p>\n<p>&nbsp;<\/p>\n<p><span><\/span><\/p>\n<p>[\/et_pb_blurb][et_pb_blurb content_max_width=&#8221;100%&#8221; module_id=&#8221;mostrar-info-1&#8243; _builder_version=&#8221;4.27.0&#8243; header_font=&#8221;Montserrat|700|||||||&#8221; header_text_align=&#8221;center&#8221; header_text_color=&#8221;#004275&#8243; header_font_size=&#8221;18px&#8221; body_font=&#8221;Montserrat|900|||||||&#8221; body_text_align=&#8221;center&#8221; body_text_color=&#8221;#000000&#8243; body_font_size=&#8221;16px&#8221; body_line_height=&#8221;1.9em&#8221; custom_margin=&#8221;5px||0px||false|false&#8221; animation_style=&#8221;fade&#8221; animation=&#8221;off&#8221; header_font_size_tablet=&#8221;20px&#8221; header_font_size_phone=&#8221;18px&#8221; header_font_size_last_edited=&#8221;on|desktop&#8221; custom_css_blurb_title=&#8221;margin-bottom: 8px;&#8221; border_radii_image=&#8221;on|4px|4px|4px|4px&#8221; locked=&#8221;off&#8221; global_colors_info=&#8221;{}&#8221;]<\/p>\n<h3><\/h3>\n<h3><strong>Atentamente, GRUPO DRT.<\/strong><\/h3>\n<p><span><\/span><\/p>\n<p>[\/et_pb_blurb][\/et_pb_column][\/et_pb_row][\/et_pb_section]<\/p>\n","protected":false},"excerpt":{"rendered":"<p>Aviso de privacidadLa protecci\u00f3n de sus datos personales es muy importante para \u201cDESARROLLOS RESIDENCIALES TUR\u00cdSTICOS S.A. DE C.V.\u201d, (en lo sucesivo referido como GRUPO DRT), en virtud de ello, le informamos el tipo de datos personales que recabamos de Usted, c\u00f3mo los usamos, manejamos y con qui\u00e9n los compartimos, mediante el siguiente\u00a0AVISO DE PRIVACIDAD, el [&hellip;]<\/p>\n","protected":false},"author":2,"featured_media":0,"parent":0,"menu_order":0,"comment_status":"closed","ping_status":"closed","template":"","meta":{"_et_pb_use_builder":"on","_et_pb_old_content":"","_et_gb_content_width":"","footnotes":""},"class_list":["post-337968","page","type-page","status-publish","hentry"],"_links":{"self":[{"href":"https:\/\/saggita.com.mx\/index.php\/wp-json\/wp\/v2\/pages\/337968"}],"collection":[{"href":"https:\/\/saggita.com.mx\/index.php\/wp-json\/wp\/v2\/pages"}],"about":[{"href":"https:\/\/saggita.com.mx\/index.php\/wp-json\/wp\/v2\/types\/page"}],"author":[{"embeddable":true,"href":"https:\/\/saggita.com.mx\/index.php\/wp-json\/wp\/v2\/users\/2"}],"replies":[{"embeddable":true,"href":"https:\/\/saggita.com.mx\/index.php\/wp-json\/wp\/v2\/comments?post=337968"}],"version-history":[{"count":6,"href":"https:\/\/saggita.com.mx\/index.php\/wp-json\/wp\/v2\/pages\/337968\/revisions"}],"predecessor-version":[{"id":338571,"href":"https:\/\/saggita.com.mx\/index.php\/wp-json\/wp\/v2\/pages\/337968\/revisions\/338571"}],"wp:attachment":[{"href":"https:\/\/saggita.com.mx\/index.php\/wp-json\/wp\/v2\/media?parent=337968"}],"curies":[{"name":"wp","href":"https:\/\/api.w.org\/{rel}","templated":true}]}}